{"id":35788,"date":"2025-11-10T10:08:57","date_gmt":"2025-11-10T10:08:57","guid":{"rendered":"https:\/\/cipele.ba\/shop\/uncategorized\/zenska-zimska-obuca-d-franklin\/"},"modified":"2026-04-18T09:23:41","modified_gmt":"2026-04-18T09:23:41","slug":"zenska-zimska-obuca-d-franklin","status":"publish","type":"product","link":"https:\/\/cipele.ba\/en\/shop\/zene\/zenske-cizme\/zenska-zimska-obuca-d-franklin\/","title":{"rendered":"\u017denska zimska obu\u0107a D.Franklin"},"content":{"rendered":"","protected":false},"excerpt":{"rendered":"<p>\u017denska zimska obu\u0107a D.Franklin. Sizes 38. Cijena 191.7. Available<\/p>","protected":false},"featured_media":35786,"template":"","meta":{"jetpack_post_was_ever_published":false},"product_brand":[114],"product_cat":[81],"product_tag":[],"class_list":{"0":"post-35788","1":"product","2":"type-product","3":"status-publish","4":"has-post-thumbnail","6":"product_brand-factcool","7":"product_cat-zenske-cizme","9":"first","10":"instock","11":"shipping-taxable","12":"product-type-external"},"jetpack-related-posts":[],"jetpack_sharing_enabled":true,"_links":{"self":[{"href":"https:\/\/cipele.ba\/en\/wp-json\/wp\/v2\/product\/35788","targetHints":{"allow":["GET"]}}],"collection":[{"href":"https:\/\/cipele.ba\/en\/wp-json\/wp\/v2\/product"}],"about":[{"href":"https:\/\/cipele.ba\/en\/wp-json\/wp\/v2\/types\/product"}],"wp:featuredmedia":[{"embeddable":true,"href":"https:\/\/cipele.ba\/en\/wp-json\/wp\/v2\/media\/35786"}],"wp:attachment":[{"href":"https:\/\/cipele.ba\/en\/wp-json\/wp\/v2\/media?parent=35788"}],"wp:term":[{"taxonomy":"product_brand","embeddable":true,"href":"https:\/\/cipele.ba\/en\/wp-json\/wp\/v2\/product_brand?post=35788"},{"taxonomy":"product_cat","embeddable":true,"href":"https:\/\/cipele.ba\/en\/wp-json\/wp\/v2\/product_cat?post=35788"},{"taxonomy":"product_tag","embeddable":true,"href":"https:\/\/cipele.ba\/en\/wp-json\/wp\/v2\/product_tag?post=35788"}],"curies":[{"name":"wp","href":"https:\/\/api.w.org\/{rel}","templated":true}]}}