{"id":35795,"date":"2025-11-10T10:09:02","date_gmt":"2025-11-10T10:09:02","guid":{"rendered":"https:\/\/cipele.ba\/shop\/uncategorized\/zenske-cizme-w-potocki-79657\/"},"modified":"2026-04-18T12:21:38","modified_gmt":"2026-04-18T12:21:38","slug":"zenske-cizme-w-potocki-79657","status":"publish","type":"product","link":"https:\/\/cipele.ba\/en\/shop\/zene\/zenske-cizme\/zenske-cizme-w-potocki-79657\/","title":{"rendered":"\u017denske \u010dizme W. POTOCKI 79657"},"content":{"rendered":"","protected":false},"excerpt":{"rendered":"<p>\u017denske \u010dizme W. POTOCKI 79657. Sizes 38, 39. Cijena 71. Available<\/p>","protected":false},"featured_media":35794,"template":"","meta":{"jetpack_post_was_ever_published":false},"product_brand":[114],"product_cat":[81],"product_tag":[],"class_list":{"0":"post-35795","1":"product","2":"type-product","3":"status-publish","4":"has-post-thumbnail","6":"product_brand-factcool","7":"product_cat-zenske-cizme","9":"first","10":"instock","11":"shipping-taxable","12":"product-type-external"},"jetpack-related-posts":[],"jetpack_sharing_enabled":true,"_links":{"self":[{"href":"https:\/\/cipele.ba\/en\/wp-json\/wp\/v2\/product\/35795","targetHints":{"allow":["GET"]}}],"collection":[{"href":"https:\/\/cipele.ba\/en\/wp-json\/wp\/v2\/product"}],"about":[{"href":"https:\/\/cipele.ba\/en\/wp-json\/wp\/v2\/types\/product"}],"wp:featuredmedia":[{"embeddable":true,"href":"https:\/\/cipele.ba\/en\/wp-json\/wp\/v2\/media\/35794"}],"wp:attachment":[{"href":"https:\/\/cipele.ba\/en\/wp-json\/wp\/v2\/media?parent=35795"}],"wp:term":[{"taxonomy":"product_brand","embeddable":true,"href":"https:\/\/cipele.ba\/en\/wp-json\/wp\/v2\/product_brand?post=35795"},{"taxonomy":"product_cat","embeddable":true,"href":"https:\/\/cipele.ba\/en\/wp-json\/wp\/v2\/product_cat?post=35795"},{"taxonomy":"product_tag","embeddable":true,"href":"https:\/\/cipele.ba\/en\/wp-json\/wp\/v2\/product_tag?post=35795"}],"curies":[{"name":"wp","href":"https:\/\/api.w.org\/{rel}","templated":true}]}}