{"id":35864,"date":"2025-11-10T10:09:37","date_gmt":"2025-11-10T10:09:37","guid":{"rendered":"https:\/\/cipele.ba\/shop\/uncategorized\/zenske-zimske-cizme-w-potocki-79973\/"},"modified":"2026-04-15T23:19:49","modified_gmt":"2026-04-15T23:19:49","slug":"zenske-zimske-cizme-w-potocki-79973","status":"publish","type":"product","link":"https:\/\/cipele.ba\/en\/shop\/zene\/zenske-cizme\/zenske-zimske-cizme-w-potocki-79973\/","title":{"rendered":"\u017denske zimske \u010dizme W. POTOCKI 79973"},"content":{"rendered":"","protected":false},"excerpt":{"rendered":"<p>\u017denske zimske \u010dizme W. POTOCKI 79973. Sizes 36, 37, 38. Cijena 78.9. Available<\/p>","protected":false},"featured_media":35861,"template":"","meta":{"jetpack_post_was_ever_published":false},"product_brand":[114],"product_cat":[81],"product_tag":[],"class_list":{"0":"post-35864","1":"product","2":"type-product","3":"status-publish","4":"has-post-thumbnail","6":"product_brand-factcool","7":"product_cat-zenske-cizme","9":"first","10":"instock","11":"sale","12":"shipping-taxable","13":"product-type-external"},"jetpack-related-posts":[],"jetpack_sharing_enabled":true,"_links":{"self":[{"href":"https:\/\/cipele.ba\/en\/wp-json\/wp\/v2\/product\/35864","targetHints":{"allow":["GET"]}}],"collection":[{"href":"https:\/\/cipele.ba\/en\/wp-json\/wp\/v2\/product"}],"about":[{"href":"https:\/\/cipele.ba\/en\/wp-json\/wp\/v2\/types\/product"}],"wp:featuredmedia":[{"embeddable":true,"href":"https:\/\/cipele.ba\/en\/wp-json\/wp\/v2\/media\/35861"}],"wp:attachment":[{"href":"https:\/\/cipele.ba\/en\/wp-json\/wp\/v2\/media?parent=35864"}],"wp:term":[{"taxonomy":"product_brand","embeddable":true,"href":"https:\/\/cipele.ba\/en\/wp-json\/wp\/v2\/product_brand?post=35864"},{"taxonomy":"product_cat","embeddable":true,"href":"https:\/\/cipele.ba\/en\/wp-json\/wp\/v2\/product_cat?post=35864"},{"taxonomy":"product_tag","embeddable":true,"href":"https:\/\/cipele.ba\/en\/wp-json\/wp\/v2\/product_tag?post=35864"}],"curies":[{"name":"wp","href":"https:\/\/api.w.org\/{rel}","templated":true}]}}