{"id":35875,"date":"2025-11-10T10:09:44","date_gmt":"2025-11-10T10:09:44","guid":{"rendered":"https:\/\/cipele.ba\/shop\/uncategorized\/zenske-zimske-gleznjace-big-star-shoes-80102\/"},"modified":"2026-04-18T09:12:51","modified_gmt":"2026-04-18T09:12:51","slug":"zenske-zimske-gleznjace-big-star-shoes-80102","status":"publish","type":"product","link":"https:\/\/cipele.ba\/en\/shop\/zene\/zenske-cizme\/zenske-zimske-gleznjace-big-star-shoes-80102\/","title":{"rendered":"\u017denske zimske gle\u017enja\u010de BIG STAR SHOES 80102"},"content":{"rendered":"","protected":false},"excerpt":{"rendered":"<p>\u017denske zimske gle\u017enja\u010de BIG STAR SHOES 80102. Sizes 36, 37, 38. Cijena 144. Available<\/p>","protected":false},"featured_media":35874,"template":"","meta":{"jetpack_post_was_ever_published":false},"product_brand":[114],"product_cat":[81],"product_tag":[],"class_list":{"0":"post-35875","1":"product","2":"type-product","3":"status-publish","4":"has-post-thumbnail","6":"product_brand-factcool","7":"product_cat-zenske-cizme","9":"first","10":"instock","11":"shipping-taxable","12":"product-type-external"},"jetpack-related-posts":[],"jetpack_sharing_enabled":true,"_links":{"self":[{"href":"https:\/\/cipele.ba\/en\/wp-json\/wp\/v2\/product\/35875","targetHints":{"allow":["GET"]}}],"collection":[{"href":"https:\/\/cipele.ba\/en\/wp-json\/wp\/v2\/product"}],"about":[{"href":"https:\/\/cipele.ba\/en\/wp-json\/wp\/v2\/types\/product"}],"wp:featuredmedia":[{"embeddable":true,"href":"https:\/\/cipele.ba\/en\/wp-json\/wp\/v2\/media\/35874"}],"wp:attachment":[{"href":"https:\/\/cipele.ba\/en\/wp-json\/wp\/v2\/media?parent=35875"}],"wp:term":[{"taxonomy":"product_brand","embeddable":true,"href":"https:\/\/cipele.ba\/en\/wp-json\/wp\/v2\/product_brand?post=35875"},{"taxonomy":"product_cat","embeddable":true,"href":"https:\/\/cipele.ba\/en\/wp-json\/wp\/v2\/product_cat?post=35875"},{"taxonomy":"product_tag","embeddable":true,"href":"https:\/\/cipele.ba\/en\/wp-json\/wp\/v2\/product_tag?post=35875"}],"curies":[{"name":"wp","href":"https:\/\/api.w.org\/{rel}","templated":true}]}}