{"id":35998,"date":"2025-11-10T10:17:56","date_gmt":"2025-11-10T10:17:56","guid":{"rendered":"https:\/\/cipele.ba\/shop\/uncategorized\/djecje-cizme-kesi-fobos\/"},"modified":"2026-04-18T09:40:17","modified_gmt":"2026-04-18T09:40:17","slug":"djecje-cizme-kesi-fobos","status":"publish","type":"product","link":"https:\/\/cipele.ba\/en\/shop\/djeca\/djecije-gleznjace\/djecje-cizme-kesi-fobos\/","title":{"rendered":"Dje\u010dje \u010dizme Kesi Fobos"},"content":{"rendered":"","protected":false},"excerpt":{"rendered":"<p>Dje\u010dje \u010dizme Kesi Fobos. Sizes 29, 30. Cijena 36.4. Available<\/p>","protected":false},"featured_media":35997,"template":"","meta":{"jetpack_post_was_ever_published":false},"product_brand":[114],"product_cat":[72],"product_tag":[],"class_list":{"0":"post-35998","1":"product","2":"type-product","3":"status-publish","4":"has-post-thumbnail","6":"product_brand-factcool","7":"product_cat-djecije-gleznjace","9":"first","10":"instock","11":"sale","12":"shipping-taxable","13":"product-type-external"},"jetpack-related-posts":[],"jetpack_sharing_enabled":true,"_links":{"self":[{"href":"https:\/\/cipele.ba\/en\/wp-json\/wp\/v2\/product\/35998","targetHints":{"allow":["GET"]}}],"collection":[{"href":"https:\/\/cipele.ba\/en\/wp-json\/wp\/v2\/product"}],"about":[{"href":"https:\/\/cipele.ba\/en\/wp-json\/wp\/v2\/types\/product"}],"wp:featuredmedia":[{"embeddable":true,"href":"https:\/\/cipele.ba\/en\/wp-json\/wp\/v2\/media\/35997"}],"wp:attachment":[{"href":"https:\/\/cipele.ba\/en\/wp-json\/wp\/v2\/media?parent=35998"}],"wp:term":[{"taxonomy":"product_brand","embeddable":true,"href":"https:\/\/cipele.ba\/en\/wp-json\/wp\/v2\/product_brand?post=35998"},{"taxonomy":"product_cat","embeddable":true,"href":"https:\/\/cipele.ba\/en\/wp-json\/wp\/v2\/product_cat?post=35998"},{"taxonomy":"product_tag","embeddable":true,"href":"https:\/\/cipele.ba\/en\/wp-json\/wp\/v2\/product_tag?post=35998"}],"curies":[{"name":"wp","href":"https:\/\/api.w.org\/{rel}","templated":true}]}}