{"id":36009,"date":"2025-11-10T10:18:03","date_gmt":"2025-11-10T10:18:03","guid":{"rendered":"https:\/\/cipele.ba\/shop\/uncategorized\/djecje-gleznjace-kesi-porky\/"},"modified":"2026-04-19T06:43:39","modified_gmt":"2026-04-19T06:43:39","slug":"djecje-gleznjace-kesi-porky","status":"publish","type":"product","link":"https:\/\/cipele.ba\/en\/shop\/djeca\/djecije-gleznjace\/djecje-gleznjace-kesi-porky\/","title":{"rendered":"Dje\u010dje gle\u017enja\u010de Kesi Porky"},"content":{"rendered":"","protected":false},"excerpt":{"rendered":"<p>Dje\u010dje gle\u017enja\u010de Kesi Porky. Sizes 21, 22, 23, 24, 25, 26, 27, 28, 30. Cijena 65.5. Available<\/p>","protected":false},"featured_media":36006,"template":"","meta":{"jetpack_post_was_ever_published":false},"product_brand":[114],"product_cat":[72],"product_tag":[],"class_list":{"0":"post-36009","1":"product","2":"type-product","3":"status-publish","4":"has-post-thumbnail","6":"product_brand-factcool","7":"product_cat-djecije-gleznjace","9":"first","10":"instock","11":"shipping-taxable","12":"product-type-external"},"jetpack-related-posts":[],"jetpack_sharing_enabled":true,"_links":{"self":[{"href":"https:\/\/cipele.ba\/en\/wp-json\/wp\/v2\/product\/36009","targetHints":{"allow":["GET"]}}],"collection":[{"href":"https:\/\/cipele.ba\/en\/wp-json\/wp\/v2\/product"}],"about":[{"href":"https:\/\/cipele.ba\/en\/wp-json\/wp\/v2\/types\/product"}],"wp:featuredmedia":[{"embeddable":true,"href":"https:\/\/cipele.ba\/en\/wp-json\/wp\/v2\/media\/36006"}],"wp:attachment":[{"href":"https:\/\/cipele.ba\/en\/wp-json\/wp\/v2\/media?parent=36009"}],"wp:term":[{"taxonomy":"product_brand","embeddable":true,"href":"https:\/\/cipele.ba\/en\/wp-json\/wp\/v2\/product_brand?post=36009"},{"taxonomy":"product_cat","embeddable":true,"href":"https:\/\/cipele.ba\/en\/wp-json\/wp\/v2\/product_cat?post=36009"},{"taxonomy":"product_tag","embeddable":true,"href":"https:\/\/cipele.ba\/en\/wp-json\/wp\/v2\/product_tag?post=36009"}],"curies":[{"name":"wp","href":"https:\/\/api.w.org\/{rel}","templated":true}]}}