{"id":36315,"date":"2025-11-10T10:29:29","date_gmt":"2025-11-10T10:29:29","guid":{"rendered":"https:\/\/cipele.ba\/shop\/uncategorized\/carrera-roze-sportske-patike-za-djevojcice\/"},"modified":"2026-04-19T06:43:53","modified_gmt":"2026-04-19T06:43:53","slug":"carrera-roze-sportske-patike-za-djevojcice","status":"publish","type":"product","link":"https:\/\/cipele.ba\/en\/shop\/djeca\/djecije-patike\/carrera-roze-sportske-patike-za-djevojcice\/","title":{"rendered":"Carrera roze sportske patike za djevoj\u010dice"},"content":{"rendered":"","protected":false},"excerpt":{"rendered":"<p>Carrera sportske patike u roze boji sa udobnim \u010di\u010dak kop\u010danjem. Idealne za aktivne dane i sportske aktivnosti.<\/p>","protected":false},"featured_media":36310,"template":"","meta":{"jetpack_post_was_ever_published":false},"product_brand":[114],"product_cat":[59],"product_tag":[],"class_list":{"0":"post-36315","1":"product","2":"type-product","3":"status-publish","4":"has-post-thumbnail","6":"product_brand-factcool","7":"product_cat-djecije-patike","9":"first","10":"instock","11":"shipping-taxable","12":"product-type-external"},"jetpack-related-posts":[],"jetpack_sharing_enabled":true,"_links":{"self":[{"href":"https:\/\/cipele.ba\/en\/wp-json\/wp\/v2\/product\/36315","targetHints":{"allow":["GET"]}}],"collection":[{"href":"https:\/\/cipele.ba\/en\/wp-json\/wp\/v2\/product"}],"about":[{"href":"https:\/\/cipele.ba\/en\/wp-json\/wp\/v2\/types\/product"}],"wp:featuredmedia":[{"embeddable":true,"href":"https:\/\/cipele.ba\/en\/wp-json\/wp\/v2\/media\/36310"}],"wp:attachment":[{"href":"https:\/\/cipele.ba\/en\/wp-json\/wp\/v2\/media?parent=36315"}],"wp:term":[{"taxonomy":"product_brand","embeddable":true,"href":"https:\/\/cipele.ba\/en\/wp-json\/wp\/v2\/product_brand?post=36315"},{"taxonomy":"product_cat","embeddable":true,"href":"https:\/\/cipele.ba\/en\/wp-json\/wp\/v2\/product_cat?post=36315"},{"taxonomy":"product_tag","embeddable":true,"href":"https:\/\/cipele.ba\/en\/wp-json\/wp\/v2\/product_tag?post=36315"}],"curies":[{"name":"wp","href":"https:\/\/api.w.org\/{rel}","templated":true}]}}