{"id":36324,"date":"2025-11-10T10:29:35","date_gmt":"2025-11-10T10:29:35","guid":{"rendered":"https:\/\/cipele.ba\/shop\/uncategorized\/us-polo-assn-djecje-sportske-patike-2\/"},"modified":"2026-04-19T07:38:05","modified_gmt":"2026-04-19T07:38:05","slug":"us-polo-assn-djecje-sportske-patike-2","status":"publish","type":"product","link":"https:\/\/cipele.ba\/en\/shop\/djeca\/djecije-patike\/us-polo-assn-djecje-sportske-patike-2\/","title":{"rendered":"US Polo Assn. dje\u010dje sportske patike."},"content":{"rendered":"","protected":false},"excerpt":{"rendered":"<p>Elegantne dje\u010dje patike s crno-zlatnim dizajnom. Idealne za sportske aktivnosti i svakodnevno no\u0161enje.<\/p>","protected":false},"featured_media":36320,"template":"","meta":{"jetpack_post_was_ever_published":false},"product_brand":[114],"product_cat":[59],"product_tag":[],"class_list":{"0":"post-36324","1":"product","2":"type-product","3":"status-publish","4":"has-post-thumbnail","6":"product_brand-factcool","7":"product_cat-djecije-patike","9":"first","10":"instock","11":"shipping-taxable","12":"product-type-external"},"jetpack-related-posts":[],"jetpack_sharing_enabled":true,"_links":{"self":[{"href":"https:\/\/cipele.ba\/en\/wp-json\/wp\/v2\/product\/36324","targetHints":{"allow":["GET"]}}],"collection":[{"href":"https:\/\/cipele.ba\/en\/wp-json\/wp\/v2\/product"}],"about":[{"href":"https:\/\/cipele.ba\/en\/wp-json\/wp\/v2\/types\/product"}],"wp:featuredmedia":[{"embeddable":true,"href":"https:\/\/cipele.ba\/en\/wp-json\/wp\/v2\/media\/36320"}],"wp:attachment":[{"href":"https:\/\/cipele.ba\/en\/wp-json\/wp\/v2\/media?parent=36324"}],"wp:term":[{"taxonomy":"product_brand","embeddable":true,"href":"https:\/\/cipele.ba\/en\/wp-json\/wp\/v2\/product_brand?post=36324"},{"taxonomy":"product_cat","embeddable":true,"href":"https:\/\/cipele.ba\/en\/wp-json\/wp\/v2\/product_cat?post=36324"},{"taxonomy":"product_tag","embeddable":true,"href":"https:\/\/cipele.ba\/en\/wp-json\/wp\/v2\/product_tag?post=36324"}],"curies":[{"name":"wp","href":"https:\/\/api.w.org\/{rel}","templated":true}]}}