{"id":36647,"date":"2025-11-10T11:02:19","date_gmt":"2025-11-10T11:02:19","guid":{"rendered":"https:\/\/cipele.ba\/shop\/uncategorized\/brendirana-odjeca-i-obuca-za-zene-i-muskarce-odjeca-factcool-3\/"},"modified":"2026-04-18T21:44:59","modified_gmt":"2026-04-18T21:44:59","slug":"brendirana-odjeca-i-obuca-za-zene-i-muskarce-odjeca-factcool-3","status":"publish","type":"product","link":"https:\/\/cipele.ba\/en\/shop\/zene\/zenske-papuce-i-sandale\/brendirana-odjeca-i-obuca-za-zene-i-muskarce-odjeca-factcool-3\/","title":{"rendered":"Brendirana odje\u0107a i obu\u0107a za \u017eene i mu\u0161karce | Odje\u0107a Factcool"},"content":{"rendered":"<p>S811546209 White Thick Sole Women's Slippers Material: Artificial Leather Sole: Ready-made Sole Heel Height: 5 cm Our products are handcrafted in Turkey. Inner Mold Measurement from Toe to Heel: Number 35, 22.5 cm \/ Number 36; 23 cm \/ Size 37 23.5 cm \/<\/p>","protected":false},"excerpt":{"rendered":"<p>S811546209 White Thick Sole Women's Slippers Material: Artificial Leather Sole: Ready-made Sole Heel Height: 5 cm Our products are handcrafted in Turkey. Inner Mold Measurement from Toe to Heel: Number 35, 22.5 cm \/ Number 36; 23 cm \/ Size 37 23.5 cm \/<\/p>","protected":false},"featured_media":36642,"template":"","meta":{"jetpack_post_was_ever_published":false},"product_brand":[114],"product_cat":[65],"product_tag":[],"class_list":{"0":"post-36647","1":"product","2":"type-product","3":"status-publish","4":"has-post-thumbnail","6":"product_brand-factcool","7":"product_cat-zenske-papuce-i-sandale","9":"first","10":"instock","11":"shipping-taxable","12":"product-type-external"},"jetpack-related-posts":[],"jetpack_sharing_enabled":true,"_links":{"self":[{"href":"https:\/\/cipele.ba\/en\/wp-json\/wp\/v2\/product\/36647","targetHints":{"allow":["GET"]}}],"collection":[{"href":"https:\/\/cipele.ba\/en\/wp-json\/wp\/v2\/product"}],"about":[{"href":"https:\/\/cipele.ba\/en\/wp-json\/wp\/v2\/types\/product"}],"wp:featuredmedia":[{"embeddable":true,"href":"https:\/\/cipele.ba\/en\/wp-json\/wp\/v2\/media\/36642"}],"wp:attachment":[{"href":"https:\/\/cipele.ba\/en\/wp-json\/wp\/v2\/media?parent=36647"}],"wp:term":[{"taxonomy":"product_brand","embeddable":true,"href":"https:\/\/cipele.ba\/en\/wp-json\/wp\/v2\/product_brand?post=36647"},{"taxonomy":"product_cat","embeddable":true,"href":"https:\/\/cipele.ba\/en\/wp-json\/wp\/v2\/product_cat?post=36647"},{"taxonomy":"product_tag","embeddable":true,"href":"https:\/\/cipele.ba\/en\/wp-json\/wp\/v2\/product_tag?post=36647"}],"curies":[{"name":"wp","href":"https:\/\/api.w.org\/{rel}","templated":true}]}}