{"id":36983,"date":"2025-11-10T20:45:17","date_gmt":"2025-11-10T20:45:17","guid":{"rendered":"https:\/\/cipele.ba\/shop\/uncategorized\/baleriny-damskie-frline-bezowe-dstreet\/"},"modified":"2026-04-15T23:18:40","modified_gmt":"2026-04-15T23:18:40","slug":"baleriny-damskie-frline-bezowe-dstreet","status":"publish","type":"product","link":"https:\/\/cipele.ba\/en\/shop\/zene\/zenske-cipele\/baleriny-damskie-frline-bezowe-dstreet\/","title":{"rendered":"Baleriny damskie FRLINE be\u017cowe Dstreet"},"content":{"rendered":"<p>Klasyczne baleriny damskie FRLINE<br \/>\nKlasyczne baleriny damskie wykonane z eko sk\u00f3ry oraz z wk\u0142adka r\u00f3wnie\u017c zrobiona ze sk\u00f3ry ekologicznej. Model ten pisada klasyczny zaokr\u0105glony kr\u00f3j. \u015awietne uzupe\u0142nienie ka\u017cdej garderoby, niezale\u017cnie od okazji.<br \/>\nKolor:<\/p>","protected":false},"excerpt":{"rendered":"<p>Klasyczne baleriny damskie FRLINE Klasyczne baleriny damskie wykonane z eko sk\u00f3ry oraz z wk\u0142adka r\u00f3wnie\u017c zrobiona ze sk\u00f3ry ekologicznej. Model ten pisada klasyczny zaokr\u0105glony kr\u00f3j. \u015awietne uzupe\u0142nienie ka\u017cdej garderoby, niezale\u017cnie od okazji. Kolor:<\/p>","protected":false},"featured_media":36982,"template":"","meta":{"jetpack_post_was_ever_published":false},"product_brand":[114],"product_cat":[62],"product_tag":[],"class_list":{"0":"post-36983","1":"product","2":"type-product","3":"status-publish","4":"has-post-thumbnail","6":"product_brand-factcool","7":"product_cat-zenske-cipele","9":"first","10":"instock","11":"shipping-taxable","12":"product-type-external"},"jetpack-related-posts":[],"jetpack_sharing_enabled":true,"_links":{"self":[{"href":"https:\/\/cipele.ba\/en\/wp-json\/wp\/v2\/product\/36983","targetHints":{"allow":["GET"]}}],"collection":[{"href":"https:\/\/cipele.ba\/en\/wp-json\/wp\/v2\/product"}],"about":[{"href":"https:\/\/cipele.ba\/en\/wp-json\/wp\/v2\/types\/product"}],"wp:featuredmedia":[{"embeddable":true,"href":"https:\/\/cipele.ba\/en\/wp-json\/wp\/v2\/media\/36982"}],"wp:attachment":[{"href":"https:\/\/cipele.ba\/en\/wp-json\/wp\/v2\/media?parent=36983"}],"wp:term":[{"taxonomy":"product_brand","embeddable":true,"href":"https:\/\/cipele.ba\/en\/wp-json\/wp\/v2\/product_brand?post=36983"},{"taxonomy":"product_cat","embeddable":true,"href":"https:\/\/cipele.ba\/en\/wp-json\/wp\/v2\/product_cat?post=36983"},{"taxonomy":"product_tag","embeddable":true,"href":"https:\/\/cipele.ba\/en\/wp-json\/wp\/v2\/product_tag?post=36983"}],"curies":[{"name":"wp","href":"https:\/\/api.w.org\/{rel}","templated":true}]}}