{"id":37680,"date":"2025-11-10T21:09:37","date_gmt":"2025-11-10T21:09:37","guid":{"rendered":"https:\/\/cipele.ba\/shop\/uncategorized\/mokasyny-damskie-na-platformie-loftis-rozowe-dstreet\/"},"modified":"2026-04-18T21:41:41","modified_gmt":"2026-04-18T21:41:41","slug":"mokasyny-damskie-na-platformie-loftis-rozowe-dstreet","status":"publish","type":"product","link":"https:\/\/cipele.ba\/en\/shop\/zene\/zenske-cipele\/mokasyny-damskie-na-platformie-loftis-rozowe-dstreet\/","title":{"rendered":"Mokasyny damskie na platformie LOFTIS r\u00f3\u017cowe Dstreet"},"content":{"rendered":"<p>Mokasyny damskie na grubej platformie LOFTIS<br \/>\nP\u00f3\u0142buty damskie typu mokasyny na grubej platformie. Model wykonany z zamszowej eko sk\u00f3ry oraz eko sk\u00f3rzanej wk\u0142adki. Nosek zdobiony kokardk\u0105. Uniwersalne buty, kt\u00f3re podkre\u015bl\u0105 ka\u017cd\u0105 stylizacj\u0119, od codziennych<\/p>","protected":false},"excerpt":{"rendered":"<p>Mokasyny damskie na grubej platformie LOFTIS P\u00f3\u0142buty damskie typu mokasyny na grubej platformie. Model wykonany z zamszowej eko sk\u00f3ry oraz eko sk\u00f3rzanej wk\u0142adki. Nosek zdobiony kokardk\u0105. Uniwersalne buty, kt\u00f3re podkre\u015bl\u0105 ka\u017cd\u0105 stylizacj\u0119, od codziennych<\/p>","protected":false},"featured_media":37679,"template":"","meta":{"jetpack_post_was_ever_published":false},"product_brand":[114],"product_cat":[62],"product_tag":[],"class_list":{"0":"post-37680","1":"product","2":"type-product","3":"status-publish","4":"has-post-thumbnail","6":"product_brand-factcool","7":"product_cat-zenske-cipele","9":"first","10":"instock","11":"sale","12":"shipping-taxable","13":"product-type-external"},"jetpack-related-posts":[],"jetpack_sharing_enabled":true,"_links":{"self":[{"href":"https:\/\/cipele.ba\/en\/wp-json\/wp\/v2\/product\/37680","targetHints":{"allow":["GET"]}}],"collection":[{"href":"https:\/\/cipele.ba\/en\/wp-json\/wp\/v2\/product"}],"about":[{"href":"https:\/\/cipele.ba\/en\/wp-json\/wp\/v2\/types\/product"}],"wp:featuredmedia":[{"embeddable":true,"href":"https:\/\/cipele.ba\/en\/wp-json\/wp\/v2\/media\/37679"}],"wp:attachment":[{"href":"https:\/\/cipele.ba\/en\/wp-json\/wp\/v2\/media?parent=37680"}],"wp:term":[{"taxonomy":"product_brand","embeddable":true,"href":"https:\/\/cipele.ba\/en\/wp-json\/wp\/v2\/product_brand?post=37680"},{"taxonomy":"product_cat","embeddable":true,"href":"https:\/\/cipele.ba\/en\/wp-json\/wp\/v2\/product_cat?post=37680"},{"taxonomy":"product_tag","embeddable":true,"href":"https:\/\/cipele.ba\/en\/wp-json\/wp\/v2\/product_tag?post=37680"}],"curies":[{"name":"wp","href":"https:\/\/api.w.org\/{rel}","templated":true}]}}